{"id":1344,"date":"2022-03-08T11:34:48","date_gmt":"2022-03-08T11:34:48","guid":{"rendered":"https:\/\/plenoptima.eu\/ts2\/?page_id=1344"},"modified":"2022-08-25T11:56:49","modified_gmt":"2022-08-25T11:56:49","slug":"lecturers","status":"publish","type":"page","link":"https:\/\/plenoptima.eu\/ts2\/lecturers\/","title":{"rendered":"Lecturers"},"content":{"rendered":"\t\t<div data-elementor-type=\"wp-page\" data-elementor-id=\"1344\" class=\"elementor elementor-1344\" data-elementor-settings=\"[]\">\n\t\t\t\t\t\t<div class=\"elementor-inner\">\n\t\t\t\t\t\t\t<div class=\"elementor-section-wrap\">\n\t\t\t\t\t\t\t<section class=\"elementor-section elementor-top-section elementor-element elementor-element-c68f06d elementor-section-boxed elementor-section-height-default elementor-section-height-default\" data-id=\"c68f06d\" data-element_type=\"section\">\n\t\t\t\t\t\t<div class=\"elementor-container elementor-column-gap-default\">\n\t\t\t\t\t\t\t<div class=\"elementor-row\">\n\t\t\t\t\t<div class=\"elementor-column elementor-col-100 elementor-top-column elementor-element elementor-element-9112937\" data-id=\"9112937\" data-element_type=\"column\">\n\t\t\t<div class=\"elementor-column-wrap elementor-element-populated\">\n\t\t\t\t\t\t\t<div class=\"elementor-widget-wrap\">\n\t\t\t\t\t\t<div class=\"elementor-element elementor-element-6b2d487 elementor-widget elementor-widget-text-editor\" data-id=\"6b2d487\" data-element_type=\"widget\" data-widget_type=\"text-editor.default\">\n\t\t\t\t<div class=\"elementor-widget-container\">\n\t\t\t\t\t<div class=\"elementor-text-editor elementor-clearfix\"><p><strong><img loading=\"lazy\" decoding=\"async\" class=\" wp-image-1487 alignleft\" src=\"https:\/\/i2.wp.com\/plenoptima.eu\/ts2\/wp-content\/uploads\/sites\/7\/2022\/08\/AlexJung.jpg?resize=88%2C88&#038;ssl=1\" alt=\"\" width=\"88\" height=\"88\" data-recalc-dims=\"1\" \/>Prof Alex Jung<\/strong> obtained a Ph.D. (with sub auspiciis) in 2012 from Technical University Vienna. After Post-Doc periods at TU Vienna and ETH Zurich, he joined Aalto University as an Assistant Professor for Machine Learning in 2015. He leads the group &#8220;Machine Learning for Big Data,&#8221; which studies explainable machine learning in network structured data. Alex first-authored a paper that won a Best Student Paper Award at IEEE ICASSP 2011. He received an AWS Machine Learning Research Award and was the &#8220;Computer Science Teacher of the Year&#8221; at Aalto University in 2018. Currently, he serves as an associate editor for the IEEE Signal Processing Letters and as the chair of the IEEE Finland Joint Chapter on Signal Processing and Circuits and Systems (SP\/CAS). His textbook &#8220;Machine Learning: The Basics&#8221; was published in 2022 by Springer, Singapore.<\/p><p><strong><img loading=\"lazy\" decoding=\"async\" class=\"wp-image-1490 alignleft\" src=\"https:\/\/i2.wp.com\/plenoptima.eu\/ts2\/wp-content\/uploads\/sites\/7\/2022\/08\/IvanLaptev.jpg?resize=82%2C88&#038;ssl=1\" alt=\"\" width=\"82\" height=\"88\" data-recalc-dims=\"1\" srcset=\"https:\/\/plenoptima.eu\/ts2\/wp-content\/uploads\/sites\/7\/2022\/08\/IvanLaptev.jpg 795w, https:\/\/plenoptima.eu\/ts2\/wp-content\/uploads\/sites\/7\/2022\/08\/IvanLaptev-280x300.jpg 280w, https:\/\/plenoptima.eu\/ts2\/wp-content\/uploads\/sites\/7\/2022\/08\/IvanLaptev-768x822.jpg 768w\" sizes=\"auto, (max-width: 82px) 100vw, 82px\" \/>Dr Ivan Laptev<\/strong> is a senior researcher at INRIA Paris, team leader of the WILLOW project-team and head of scientific board at VisionLabs. He received a PhD degree in Computer Science from the Royal Institute of Technology in 2004 and a Habilitation degree from Ecole Normale Superieure in 2013. Ivan&#8217;s main research interests include visual recognition of human actions, objects and interactions, and more recently robotics. He has published over 100 technical papers most of which appeared in international journals and major peer-reviewed conferences of the field. He serves as an associate editor of IJCV, he has served as a program chair for CVPR\u00e2\u20ac\u212218, he will serve as a program chair of ICCV&#8217;23 and is a regular area chair for CVPR, ICCV and ECCV. He has co-organized several tutorials, workshops and challenges at major computer vision conferences. He has also co-organized a series of INRIA summer schools on computer vision and machine learning (2010-2013) and Machines Can See summits (2017-2021). He received an ERC Starting Grant in 2012 and was awarded a Helmholtz prize in 2017.<\/p><p><strong><img loading=\"lazy\" decoding=\"async\" class=\" wp-image-1494 alignleft\" src=\"https:\/\/i0.wp.com\/plenoptima.eu\/ts2\/wp-content\/uploads\/sites\/7\/2022\/08\/FilibertoPla.gif?resize=71%2C89&#038;ssl=1\" alt=\"\" width=\"71\" height=\"89\" data-recalc-dims=\"1\" \/>Prof Filiberto Pla<\/strong> received the B.Sc. and Ph.D. degrees in physics from the Universitat de Valencia, Spain, in 1989 and 1993, respectively. He is currently a Full Professor with the Departament de Llenguatges i Sistemes Informatics, University Jaume I, Castellon de la Plana, Spain. He has been a Visiting Scientist with the Silsoe Research Institute, the University of Surrey, the University of Bristol, U.K., CEMAGREF, France, the University of Genoa, Italy, the Instituto Superior Tecnico, Lisbon, Portugal, the Swiss Federal Institute of Technology, ETH-Z\u00fcrich, the Idiap Research Institute, Switzerland, and the Technical University of Delft, The Netherlands. He is also a Faculty Member of the Institute of New Imaging Technologies, University Jaume I. His current research interests include color and spectral image analysis, visual motion analysis, 3-D image capture and visualization, and pattern recognition techniques applied to image processing. He is a member of the Spanish Association for Pattern Recognition and Image Analysis, which is a partner of the International Association for Pattern Recognition.<\/p><p><strong>Prof Atanas Gotchev<\/strong><\/p><p><strong>Prof Alessandro Foi<\/strong><\/p><p><strong>Prof M\u00e5rten Sj\u00f6str\u00f6m<\/strong><\/p><p><strong><img loading=\"lazy\" decoding=\"async\" class=\"size-full wp-image-1496 alignleft\" src=\"https:\/\/i1.wp.com\/plenoptima.eu\/ts2\/wp-content\/uploads\/sites\/7\/2022\/08\/AndreasDahlin2.png?resize=88%2C102&#038;ssl=1\" alt=\"\" width=\"88\" height=\"102\" data-recalc-dims=\"1\" \/>Dr Andreas Dahlin<\/strong> has experience both from the industry and academia, having worked in pharma for three years and becoming Assoc. Prof. at Uppsala University in 2017. During his time at Uppsala, Andreas got known as the go-to guy for illustrations, and started the Visualize Your Science course in 2011 due to popular demand. As interest in the course grew, Andreas saw an opportunity to teach full time, and left academia in 2016 to start his own company. Andreas is the resident expert in Blender and Affinity Designer.<\/p><p>\u00a0<\/p><\/div>\n\t\t\t\t<\/div>\n\t\t\t\t<\/div>\n\t\t\t\t\t\t<\/div>\n\t\t\t\t\t<\/div>\n\t\t<\/div>\n\t\t\t\t\t\t\t\t<\/div>\n\t\t\t\t\t<\/div>\n\t\t<\/section>\n\t\t\t\t\t\t<\/div>\n\t\t\t\t\t\t<\/div>\n\t\t\t\t\t<\/div>\n\t\t","protected":false},"excerpt":{"rendered":"<p>Prof Alex Jung obtained a Ph.D. (with sub auspiciis) in 2012 from Technical University Vienna. After Post-Doc periods at TU Vienna and ETH Zurich, he joined Aalto University as an Assistant Professor for Machine Learning in 2015. He leads the group &#8220;Machine Learning for Big Data,&#8221; which studies explainable machine learning in network structured data. [&hellip;]<\/p>\n","protected":false},"author":1,"featured_media":0,"parent":0,"menu_order":0,"comment_status":"closed","ping_status":"closed","template":"","meta":{"_monsterinsights_skip_tracking":false,"_monsterinsights_sitenote_active":false,"_monsterinsights_sitenote_note":"","_monsterinsights_sitenote_category":0,"ocean_post_layout":"","ocean_both_sidebars_style":"","ocean_both_sidebars_content_width":0,"ocean_both_sidebars_sidebars_width":0,"ocean_sidebar":"0","ocean_second_sidebar":"0","ocean_disable_margins":"enable","ocean_add_body_class":"","ocean_shortcode_before_top_bar":"","ocean_shortcode_after_top_bar":"","ocean_shortcode_before_header":"","ocean_shortcode_after_header":"","ocean_has_shortcode":"","ocean_shortcode_after_title":"","ocean_shortcode_before_footer_widgets":"","ocean_shortcode_after_footer_widgets":"","ocean_shortcode_before_footer_bottom":"","ocean_shortcode_after_footer_bottom":"","ocean_display_top_bar":"default","ocean_display_header":"default","ocean_header_style":"","ocean_center_header_left_menu":"0","ocean_custom_header_template":"0","ocean_custom_logo":0,"ocean_custom_retina_logo":0,"ocean_custom_logo_max_width":0,"ocean_custom_logo_tablet_max_width":0,"ocean_custom_logo_mobile_max_width":0,"ocean_custom_logo_max_height":0,"ocean_custom_logo_tablet_max_height":0,"ocean_custom_logo_mobile_max_height":0,"ocean_header_custom_menu":"0","ocean_menu_typo_font_family":"0","ocean_menu_typo_font_subset":"","ocean_menu_typo_font_size":0,"ocean_menu_typo_font_size_tablet":0,"ocean_menu_typo_font_size_mobile":0,"ocean_menu_typo_font_size_unit":"px","ocean_menu_typo_font_weight":"","ocean_menu_typo_font_weight_tablet":"","ocean_menu_typo_font_weight_mobile":"","ocean_menu_typo_transform":"","ocean_menu_typo_transform_tablet":"","ocean_menu_typo_transform_mobile":"","ocean_menu_typo_line_height":0,"ocean_menu_typo_line_height_tablet":0,"ocean_menu_typo_line_height_mobile":0,"ocean_menu_typo_line_height_unit":"","ocean_menu_typo_spacing":0,"ocean_menu_typo_spacing_tablet":0,"ocean_menu_typo_spacing_mobile":0,"ocean_menu_typo_spacing_unit":"","ocean_menu_link_color":"","ocean_menu_link_color_hover":"","ocean_menu_link_color_active":"","ocean_menu_link_background":"","ocean_menu_link_hover_background":"","ocean_menu_link_active_background":"","ocean_menu_social_links_bg":"","ocean_menu_social_hover_links_bg":"","ocean_menu_social_links_color":"","ocean_menu_social_hover_links_color":"","ocean_disable_title":"default","ocean_disable_heading":"default","ocean_post_title":"","ocean_post_subheading":"","ocean_post_title_style":"","ocean_post_title_background_color":"","ocean_post_title_background":0,"ocean_post_title_bg_image_position":"","ocean_post_title_bg_image_attachment":"","ocean_post_title_bg_image_repeat":"","ocean_post_title_bg_image_size":"","ocean_post_title_height":0,"ocean_post_title_bg_overlay":0.5,"ocean_post_title_bg_overlay_color":"","ocean_disable_breadcrumbs":"default","ocean_breadcrumbs_color":"","ocean_breadcrumbs_separator_color":"","ocean_breadcrumbs_links_color":"","ocean_breadcrumbs_links_hover_color":"","ocean_display_footer_widgets":"default","ocean_display_footer_bottom":"default","ocean_custom_footer_template":"0","footnotes":""},"class_list":["post-1344","page","type-page","status-publish","hentry","entry"],"yoast_head":"<!-- This site is optimized with the Yoast SEO plugin v26.9 - https:\/\/yoast.com\/product\/yoast-seo-wordpress\/ -->\n<title>Lecturers | Training School 2<\/title>\n<meta name=\"robots\" content=\"index, follow, max-snippet:-1, max-image-preview:large, max-video-preview:-1\" \/>\n<link rel=\"canonical\" href=\"https:\/\/plenoptima.eu\/ts2\/lecturers\/\" \/>\n<meta property=\"og:locale\" content=\"en_US\" \/>\n<meta property=\"og:type\" content=\"article\" \/>\n<meta property=\"og:title\" content=\"Lecturers | Training School 2\" \/>\n<meta property=\"og:description\" content=\"Prof Alex Jung obtained a Ph.D. (with sub auspiciis) in 2012 from Technical University Vienna. After Post-Doc periods at TU Vienna and ETH Zurich, he joined Aalto University as an Assistant Professor for Machine Learning in 2015. He leads the group &#8220;Machine Learning for Big Data,&#8221; which studies explainable machine learning in network structured data. [&hellip;]\" \/>\n<meta property=\"og:url\" content=\"https:\/\/plenoptima.eu\/ts2\/lecturers\/\" \/>\n<meta property=\"og:site_name\" content=\"Training School 2\" \/>\n<meta property=\"article:modified_time\" content=\"2022-08-25T11:56:49+00:00\" \/>\n<meta property=\"og:image\" content=\"https:\/\/plenoptima.eu\/ts2\/wp-content\/uploads\/sites\/7\/2022\/08\/AlexJung.jpg\" \/>\n<meta name=\"twitter:card\" content=\"summary_large_image\" \/>\n<meta name=\"twitter:label1\" content=\"Est. reading time\" \/>\n\t<meta name=\"twitter:data1\" content=\"3 minutes\" \/>\n<script type=\"application\/ld+json\" class=\"yoast-schema-graph\">{\"@context\":\"https:\/\/schema.org\",\"@graph\":[{\"@type\":\"WebPage\",\"@id\":\"https:\/\/plenoptima.eu\/ts2\/lecturers\/\",\"url\":\"https:\/\/plenoptima.eu\/ts2\/lecturers\/\",\"name\":\"Lecturers | Training School 2\",\"isPartOf\":{\"@id\":\"https:\/\/plenoptima.eu\/ts2\/#website\"},\"primaryImageOfPage\":{\"@id\":\"https:\/\/plenoptima.eu\/ts2\/lecturers\/#primaryimage\"},\"image\":{\"@id\":\"https:\/\/plenoptima.eu\/ts2\/lecturers\/#primaryimage\"},\"thumbnailUrl\":\"https:\/\/plenoptima.eu\/ts2\/wp-content\/uploads\/sites\/7\/2022\/08\/AlexJung.jpg\",\"datePublished\":\"2022-03-08T11:34:48+00:00\",\"dateModified\":\"2022-08-25T11:56:49+00:00\",\"breadcrumb\":{\"@id\":\"https:\/\/plenoptima.eu\/ts2\/lecturers\/#breadcrumb\"},\"inLanguage\":\"en-US\",\"potentialAction\":[{\"@type\":\"ReadAction\",\"target\":[\"https:\/\/plenoptima.eu\/ts2\/lecturers\/\"]}]},{\"@type\":\"ImageObject\",\"inLanguage\":\"en-US\",\"@id\":\"https:\/\/plenoptima.eu\/ts2\/lecturers\/#primaryimage\",\"url\":\"https:\/\/plenoptima.eu\/ts2\/wp-content\/uploads\/sites\/7\/2022\/08\/AlexJung.jpg\",\"contentUrl\":\"https:\/\/plenoptima.eu\/ts2\/wp-content\/uploads\/sites\/7\/2022\/08\/AlexJung.jpg\",\"width\":88,\"height\":88},{\"@type\":\"BreadcrumbList\",\"@id\":\"https:\/\/plenoptima.eu\/ts2\/lecturers\/#breadcrumb\",\"itemListElement\":[{\"@type\":\"ListItem\",\"position\":1,\"name\":\"Home\",\"item\":\"https:\/\/plenoptima.eu\/ts2\/\"},{\"@type\":\"ListItem\",\"position\":2,\"name\":\"Lecturers\"}]},{\"@type\":\"WebSite\",\"@id\":\"https:\/\/plenoptima.eu\/ts2\/#website\",\"url\":\"https:\/\/plenoptima.eu\/ts2\/\",\"name\":\"Training School 2\",\"description\":\"Plenoptic Imaging\",\"publisher\":{\"@id\":\"https:\/\/plenoptima.eu\/ts2\/#organization\"},\"potentialAction\":[{\"@type\":\"SearchAction\",\"target\":{\"@type\":\"EntryPoint\",\"urlTemplate\":\"https:\/\/plenoptima.eu\/ts2\/?s={search_term_string}\"},\"query-input\":{\"@type\":\"PropertyValueSpecification\",\"valueRequired\":true,\"valueName\":\"search_term_string\"}}],\"inLanguage\":\"en-US\"},{\"@type\":\"Organization\",\"@id\":\"https:\/\/plenoptima.eu\/ts2\/#organization\",\"name\":\"PLENOPTIMA - Plenoptic Imaging\",\"url\":\"https:\/\/plenoptima.eu\/ts2\/\",\"logo\":{\"@type\":\"ImageObject\",\"inLanguage\":\"en-US\",\"@id\":\"https:\/\/plenoptima.eu\/ts2\/#\/schema\/logo\/image\/\",\"url\":\"https:\/\/plenoptima.eu\/ts2\/wp-content\/uploads\/sites\/7\/2020\/09\/PLENOPTIMA-logo.png\",\"contentUrl\":\"https:\/\/plenoptima.eu\/ts2\/wp-content\/uploads\/sites\/7\/2020\/09\/PLENOPTIMA-logo.png\",\"width\":532,\"height\":311,\"caption\":\"PLENOPTIMA - Plenoptic Imaging\"},\"image\":{\"@id\":\"https:\/\/plenoptima.eu\/ts2\/#\/schema\/logo\/image\/\"}}]}<\/script>\n<!-- \/ Yoast SEO plugin. -->","yoast_head_json":{"title":"Lecturers | Training School 2","robots":{"index":"index","follow":"follow","max-snippet":"max-snippet:-1","max-image-preview":"max-image-preview:large","max-video-preview":"max-video-preview:-1"},"canonical":"https:\/\/plenoptima.eu\/ts2\/lecturers\/","og_locale":"en_US","og_type":"article","og_title":"Lecturers | Training School 2","og_description":"Prof Alex Jung obtained a Ph.D. (with sub auspiciis) in 2012 from Technical University Vienna. After Post-Doc periods at TU Vienna and ETH Zurich, he joined Aalto University as an Assistant Professor for Machine Learning in 2015. He leads the group &#8220;Machine Learning for Big Data,&#8221; which studies explainable machine learning in network structured data. [&hellip;]","og_url":"https:\/\/plenoptima.eu\/ts2\/lecturers\/","og_site_name":"Training School 2","article_modified_time":"2022-08-25T11:56:49+00:00","og_image":[{"url":"https:\/\/plenoptima.eu\/ts2\/wp-content\/uploads\/sites\/7\/2022\/08\/AlexJung.jpg","type":"","width":"","height":""}],"twitter_card":"summary_large_image","twitter_misc":{"Est. reading time":"3 minutes"},"schema":{"@context":"https:\/\/schema.org","@graph":[{"@type":"WebPage","@id":"https:\/\/plenoptima.eu\/ts2\/lecturers\/","url":"https:\/\/plenoptima.eu\/ts2\/lecturers\/","name":"Lecturers | Training School 2","isPartOf":{"@id":"https:\/\/plenoptima.eu\/ts2\/#website"},"primaryImageOfPage":{"@id":"https:\/\/plenoptima.eu\/ts2\/lecturers\/#primaryimage"},"image":{"@id":"https:\/\/plenoptima.eu\/ts2\/lecturers\/#primaryimage"},"thumbnailUrl":"https:\/\/plenoptima.eu\/ts2\/wp-content\/uploads\/sites\/7\/2022\/08\/AlexJung.jpg","datePublished":"2022-03-08T11:34:48+00:00","dateModified":"2022-08-25T11:56:49+00:00","breadcrumb":{"@id":"https:\/\/plenoptima.eu\/ts2\/lecturers\/#breadcrumb"},"inLanguage":"en-US","potentialAction":[{"@type":"ReadAction","target":["https:\/\/plenoptima.eu\/ts2\/lecturers\/"]}]},{"@type":"ImageObject","inLanguage":"en-US","@id":"https:\/\/plenoptima.eu\/ts2\/lecturers\/#primaryimage","url":"https:\/\/plenoptima.eu\/ts2\/wp-content\/uploads\/sites\/7\/2022\/08\/AlexJung.jpg","contentUrl":"https:\/\/plenoptima.eu\/ts2\/wp-content\/uploads\/sites\/7\/2022\/08\/AlexJung.jpg","width":88,"height":88},{"@type":"BreadcrumbList","@id":"https:\/\/plenoptima.eu\/ts2\/lecturers\/#breadcrumb","itemListElement":[{"@type":"ListItem","position":1,"name":"Home","item":"https:\/\/plenoptima.eu\/ts2\/"},{"@type":"ListItem","position":2,"name":"Lecturers"}]},{"@type":"WebSite","@id":"https:\/\/plenoptima.eu\/ts2\/#website","url":"https:\/\/plenoptima.eu\/ts2\/","name":"Training School 2","description":"Plenoptic Imaging","publisher":{"@id":"https:\/\/plenoptima.eu\/ts2\/#organization"},"potentialAction":[{"@type":"SearchAction","target":{"@type":"EntryPoint","urlTemplate":"https:\/\/plenoptima.eu\/ts2\/?s={search_term_string}"},"query-input":{"@type":"PropertyValueSpecification","valueRequired":true,"valueName":"search_term_string"}}],"inLanguage":"en-US"},{"@type":"Organization","@id":"https:\/\/plenoptima.eu\/ts2\/#organization","name":"PLENOPTIMA - Plenoptic Imaging","url":"https:\/\/plenoptima.eu\/ts2\/","logo":{"@type":"ImageObject","inLanguage":"en-US","@id":"https:\/\/plenoptima.eu\/ts2\/#\/schema\/logo\/image\/","url":"https:\/\/plenoptima.eu\/ts2\/wp-content\/uploads\/sites\/7\/2020\/09\/PLENOPTIMA-logo.png","contentUrl":"https:\/\/plenoptima.eu\/ts2\/wp-content\/uploads\/sites\/7\/2020\/09\/PLENOPTIMA-logo.png","width":532,"height":311,"caption":"PLENOPTIMA - Plenoptic Imaging"},"image":{"@id":"https:\/\/plenoptima.eu\/ts2\/#\/schema\/logo\/image\/"}}]}},"_links":{"self":[{"href":"https:\/\/plenoptima.eu\/ts2\/wp-json\/wp\/v2\/pages\/1344","targetHints":{"allow":["GET"]}}],"collection":[{"href":"https:\/\/plenoptima.eu\/ts2\/wp-json\/wp\/v2\/pages"}],"about":[{"href":"https:\/\/plenoptima.eu\/ts2\/wp-json\/wp\/v2\/types\/page"}],"author":[{"embeddable":true,"href":"https:\/\/plenoptima.eu\/ts2\/wp-json\/wp\/v2\/users\/1"}],"replies":[{"embeddable":true,"href":"https:\/\/plenoptima.eu\/ts2\/wp-json\/wp\/v2\/comments?post=1344"}],"version-history":[{"count":5,"href":"https:\/\/plenoptima.eu\/ts2\/wp-json\/wp\/v2\/pages\/1344\/revisions"}],"predecessor-version":[{"id":1497,"href":"https:\/\/plenoptima.eu\/ts2\/wp-json\/wp\/v2\/pages\/1344\/revisions\/1497"}],"wp:attachment":[{"href":"https:\/\/plenoptima.eu\/ts2\/wp-json\/wp\/v2\/media?parent=1344"}],"curies":[{"name":"wp","href":"https:\/\/api.w.org\/{rel}","templated":true}]}}