{"id":374,"date":"2020-09-14T14:51:53","date_gmt":"2020-09-14T14:51:53","guid":{"rendered":"https:\/\/plenoptima.eu\/ts2\/?page_id=374"},"modified":"2022-08-25T12:35:02","modified_gmt":"2022-08-25T12:35:02","slug":"organization","status":"publish","type":"page","link":"https:\/\/plenoptima.eu\/ts2\/organization\/","title":{"rendered":"Organization"},"content":{"rendered":"<p><img decoding=\"async\" width=\"850\" height=\"250\" src=\"https:\/\/plenoptima.eu\/ts2\/wp-content\/uploads\/sites\/7\/2022\/08\/MI7A1095_850x250.jpg\" alt=\"\" loading=\"lazy\">\t\t\t\t\t\t\t\t\t\t\t<\/p>\n<p><\/p>\n\n\n<\/p>\n<p>\n\n\n<p><\/p>\n<p><\/p>\n\n\n<\/p>\n<p>\n\n\n<p><\/p>\n<p><\/p>\n\n\n<\/p>\n<h2 class=\"wp-block-heading\">Organising Committee<\/h2>\n<p><a href=\"https:\/\/www.miun.se\/en\/personnel\/martensjostrom\/\" target=\"_blank\" rel=\"noopener\"><strong>Prof M\u00e5rten Sj\u00f6str\u00f6m<\/strong><\/a>, Professor in Signal Processing, Mid Sweden University<br \/><a href=\"https:\/\/www.miun.se\/en\/personnel\/rogerolsson\/\" target=\"_blank\" rel=\"noopener\"><strong>Dr Roger Olsson<\/strong><\/a>, senior researcher in Telecommunications, Mid Sweden University<br \/><a href=\"https:\/\/www.miun.se\/en\/personnel\/eminzerman\" target=\"_blank\" rel=\"noopener\"><strong>Dr Emin Zerman<\/strong><\/a>, associate senior lecturer in Information Visualization, Mid Sweden University.<\/p>\n<h2>Advisory board<\/h2>\n<p><strong><a href=\"https:\/\/people.rennes.inria.fr\/Christine.Guillemot\/\">Dr Christine Guillemot<\/a><\/strong>, INRIA, France<br \/><a href=\"https:\/\/www.linkedin.com\/in\/atanasgotchev\/\" target=\"_blank\" rel=\"noopener\"><strong>Prof. Atanas Gotchev<\/strong><\/a>, Tampere University of Technology, Finland<\/p>\n<h2>Contacts<\/h2>\n<p><strong>General inquiries:<\/strong>\u00a0<a href=\"mailto:marten.sjostrom@miun.se\" target=\"_blank\" rel=\"noopener\">M\u00e5rten Sj\u00f6str\u00f6m<\/a><br \/><strong>Finance and registration:<\/strong> <a href=\"mailto:Christine.Grafstr\u00f6m@miun.se\">Christine Grafstr\u00f6m<\/a><\/p>\n<p>\n\n\n<p><\/p>\n<p><\/p>\n\n\n<\/p>\n<p>\n\n\n<p><\/p>","protected":false},"excerpt":{"rendered":"<p>Organising Committee Prof M\u00e5rten Sj\u00f6str\u00f6m, Professor in Signal Processing, Mid Sweden UniversityDr Roger Olsson, senior researcher in Telecommunications, Mid Sweden UniversityDr Emin Zerman, associate senior lecturer in Information Visualization, Mid Sweden University. Advisory board Dr Christine Guillemot, INRIA, FranceProf. Atanas Gotchev, Tampere University of Technology, Finland Contacts General inquiries:\u00a0M\u00e5rten Sj\u00f6str\u00f6mFinance and registration: Christine Grafstr\u00f6m<\/p>\n","protected":false},"author":2,"featured_media":0,"parent":0,"menu_order":0,"comment_status":"closed","ping_status":"closed","template":"","meta":{"_monsterinsights_skip_tracking":false,"_monsterinsights_sitenote_active":false,"_monsterinsights_sitenote_note":"","_monsterinsights_sitenote_category":0,"ocean_post_layout":"","ocean_both_sidebars_style":"","ocean_both_sidebars_content_width":0,"ocean_both_sidebars_sidebars_width":0,"ocean_sidebar":"0","ocean_second_sidebar":"0","ocean_disable_margins":"enable","ocean_add_body_class":"","ocean_shortcode_before_top_bar":"","ocean_shortcode_after_top_bar":"","ocean_shortcode_before_header":"","ocean_shortcode_after_header":"","ocean_has_shortcode":"","ocean_shortcode_after_title":"","ocean_shortcode_before_footer_widgets":"","ocean_shortcode_after_footer_widgets":"","ocean_shortcode_before_footer_bottom":"","ocean_shortcode_after_footer_bottom":"","ocean_display_top_bar":"default","ocean_display_header":"default","ocean_header_style":"","ocean_center_header_left_menu":"0","ocean_custom_header_template":"0","ocean_custom_logo":0,"ocean_custom_retina_logo":0,"ocean_custom_logo_max_width":0,"ocean_custom_logo_tablet_max_width":0,"ocean_custom_logo_mobile_max_width":0,"ocean_custom_logo_max_height":0,"ocean_custom_logo_tablet_max_height":0,"ocean_custom_logo_mobile_max_height":0,"ocean_header_custom_menu":"0","ocean_menu_typo_font_family":"0","ocean_menu_typo_font_subset":"","ocean_menu_typo_font_size":0,"ocean_menu_typo_font_size_tablet":0,"ocean_menu_typo_font_size_mobile":0,"ocean_menu_typo_font_size_unit":"px","ocean_menu_typo_font_weight":"","ocean_menu_typo_font_weight_tablet":"","ocean_menu_typo_font_weight_mobile":"","ocean_menu_typo_transform":"","ocean_menu_typo_transform_tablet":"","ocean_menu_typo_transform_mobile":"","ocean_menu_typo_line_height":0,"ocean_menu_typo_line_height_tablet":0,"ocean_menu_typo_line_height_mobile":0,"ocean_menu_typo_line_height_unit":"","ocean_menu_typo_spacing":0,"ocean_menu_typo_spacing_tablet":0,"ocean_menu_typo_spacing_mobile":0,"ocean_menu_typo_spacing_unit":"","ocean_menu_link_color":"","ocean_menu_link_color_hover":"","ocean_menu_link_color_active":"","ocean_menu_link_background":"","ocean_menu_link_hover_background":"","ocean_menu_link_active_background":"","ocean_menu_social_links_bg":"","ocean_menu_social_hover_links_bg":"","ocean_menu_social_links_color":"","ocean_menu_social_hover_links_color":"","ocean_disable_title":"default","ocean_disable_heading":"default","ocean_post_title":"","ocean_post_subheading":"","ocean_post_title_style":"","ocean_post_title_background_color":"","ocean_post_title_background":0,"ocean_post_title_bg_image_position":"","ocean_post_title_bg_image_attachment":"","ocean_post_title_bg_image_repeat":"","ocean_post_title_bg_image_size":"","ocean_post_title_height":0,"ocean_post_title_bg_overlay":0.5,"ocean_post_title_bg_overlay_color":"","ocean_disable_breadcrumbs":"default","ocean_breadcrumbs_color":"","ocean_breadcrumbs_separator_color":"","ocean_breadcrumbs_links_color":"","ocean_breadcrumbs_links_hover_color":"","ocean_display_footer_widgets":"default","ocean_display_footer_bottom":"default","ocean_custom_footer_template":"0","footnotes":""},"class_list":["post-374","page","type-page","status-publish","hentry","entry"],"yoast_head":"<!-- This site is optimized with the Yoast SEO plugin v26.9 - https:\/\/yoast.com\/product\/yoast-seo-wordpress\/ -->\n<title>Organization | Training School 2<\/title>\n<meta name=\"robots\" content=\"index, follow, max-snippet:-1, max-image-preview:large, max-video-preview:-1\" \/>\n<link rel=\"canonical\" href=\"https:\/\/plenoptima.eu\/ts2\/organization\/\" \/>\n<meta property=\"og:locale\" content=\"en_US\" \/>\n<meta property=\"og:type\" content=\"article\" \/>\n<meta property=\"og:title\" content=\"Organization | Training School 2\" \/>\n<meta property=\"og:description\" content=\"Organising Committee Prof M\u00e5rten Sj\u00f6str\u00f6m, Professor in Signal Processing, Mid Sweden UniversityDr Roger Olsson, senior researcher in Telecommunications, Mid Sweden UniversityDr Emin Zerman, associate senior lecturer in Information Visualization, Mid Sweden University. Advisory board Dr Christine Guillemot, INRIA, FranceProf. Atanas Gotchev, Tampere University of Technology, Finland Contacts General inquiries:\u00a0M\u00e5rten Sj\u00f6str\u00f6mFinance and registration: Christine Grafstr\u00f6m\" \/>\n<meta property=\"og:url\" content=\"https:\/\/plenoptima.eu\/ts2\/organization\/\" \/>\n<meta property=\"og:site_name\" content=\"Training School 2\" \/>\n<meta property=\"article:modified_time\" content=\"2022-08-25T12:35:02+00:00\" \/>\n<meta property=\"og:image\" content=\"https:\/\/plenoptima.eu\/ts2\/wp-content\/uploads\/sites\/7\/2022\/08\/MI7A1095_850x250.jpg\" \/>\n<meta name=\"twitter:card\" content=\"summary_large_image\" \/>\n<script type=\"application\/ld+json\" class=\"yoast-schema-graph\">{\"@context\":\"https:\/\/schema.org\",\"@graph\":[{\"@type\":\"WebPage\",\"@id\":\"https:\/\/plenoptima.eu\/ts2\/organization\/\",\"url\":\"https:\/\/plenoptima.eu\/ts2\/organization\/\",\"name\":\"Organization | Training School 2\",\"isPartOf\":{\"@id\":\"https:\/\/plenoptima.eu\/ts2\/#website\"},\"primaryImageOfPage\":{\"@id\":\"https:\/\/plenoptima.eu\/ts2\/organization\/#primaryimage\"},\"image\":{\"@id\":\"https:\/\/plenoptima.eu\/ts2\/organization\/#primaryimage\"},\"thumbnailUrl\":\"https:\/\/plenoptima.eu\/ts2\/wp-content\/uploads\/sites\/7\/2022\/08\/MI7A1095_850x250.jpg\",\"datePublished\":\"2020-09-14T14:51:53+00:00\",\"dateModified\":\"2022-08-25T12:35:02+00:00\",\"breadcrumb\":{\"@id\":\"https:\/\/plenoptima.eu\/ts2\/organization\/#breadcrumb\"},\"inLanguage\":\"en-US\",\"potentialAction\":[{\"@type\":\"ReadAction\",\"target\":[\"https:\/\/plenoptima.eu\/ts2\/organization\/\"]}]},{\"@type\":\"ImageObject\",\"inLanguage\":\"en-US\",\"@id\":\"https:\/\/plenoptima.eu\/ts2\/organization\/#primaryimage\",\"url\":\"https:\/\/plenoptima.eu\/ts2\/wp-content\/uploads\/sites\/7\/2022\/08\/MI7A1095_850x250.jpg\",\"contentUrl\":\"https:\/\/plenoptima.eu\/ts2\/wp-content\/uploads\/sites\/7\/2022\/08\/MI7A1095_850x250.jpg\",\"width\":850,\"height\":250},{\"@type\":\"BreadcrumbList\",\"@id\":\"https:\/\/plenoptima.eu\/ts2\/organization\/#breadcrumb\",\"itemListElement\":[{\"@type\":\"ListItem\",\"position\":1,\"name\":\"Home\",\"item\":\"https:\/\/plenoptima.eu\/ts2\/\"},{\"@type\":\"ListItem\",\"position\":2,\"name\":\"Organization\"}]},{\"@type\":\"WebSite\",\"@id\":\"https:\/\/plenoptima.eu\/ts2\/#website\",\"url\":\"https:\/\/plenoptima.eu\/ts2\/\",\"name\":\"Training School 2\",\"description\":\"Plenoptic Imaging\",\"publisher\":{\"@id\":\"https:\/\/plenoptima.eu\/ts2\/#organization\"},\"potentialAction\":[{\"@type\":\"SearchAction\",\"target\":{\"@type\":\"EntryPoint\",\"urlTemplate\":\"https:\/\/plenoptima.eu\/ts2\/?s={search_term_string}\"},\"query-input\":{\"@type\":\"PropertyValueSpecification\",\"valueRequired\":true,\"valueName\":\"search_term_string\"}}],\"inLanguage\":\"en-US\"},{\"@type\":\"Organization\",\"@id\":\"https:\/\/plenoptima.eu\/ts2\/#organization\",\"name\":\"PLENOPTIMA - Plenoptic Imaging\",\"url\":\"https:\/\/plenoptima.eu\/ts2\/\",\"logo\":{\"@type\":\"ImageObject\",\"inLanguage\":\"en-US\",\"@id\":\"https:\/\/plenoptima.eu\/ts2\/#\/schema\/logo\/image\/\",\"url\":\"https:\/\/plenoptima.eu\/ts2\/wp-content\/uploads\/sites\/7\/2020\/09\/PLENOPTIMA-logo.png\",\"contentUrl\":\"https:\/\/plenoptima.eu\/ts2\/wp-content\/uploads\/sites\/7\/2020\/09\/PLENOPTIMA-logo.png\",\"width\":532,\"height\":311,\"caption\":\"PLENOPTIMA - Plenoptic Imaging\"},\"image\":{\"@id\":\"https:\/\/plenoptima.eu\/ts2\/#\/schema\/logo\/image\/\"}}]}<\/script>\n<!-- \/ Yoast SEO plugin. -->","yoast_head_json":{"title":"Organization | Training School 2","robots":{"index":"index","follow":"follow","max-snippet":"max-snippet:-1","max-image-preview":"max-image-preview:large","max-video-preview":"max-video-preview:-1"},"canonical":"https:\/\/plenoptima.eu\/ts2\/organization\/","og_locale":"en_US","og_type":"article","og_title":"Organization | Training School 2","og_description":"Organising Committee Prof M\u00e5rten Sj\u00f6str\u00f6m, Professor in Signal Processing, Mid Sweden UniversityDr Roger Olsson, senior researcher in Telecommunications, Mid Sweden UniversityDr Emin Zerman, associate senior lecturer in Information Visualization, Mid Sweden University. Advisory board Dr Christine Guillemot, INRIA, FranceProf. Atanas Gotchev, Tampere University of Technology, Finland Contacts General inquiries:\u00a0M\u00e5rten Sj\u00f6str\u00f6mFinance and registration: Christine Grafstr\u00f6m","og_url":"https:\/\/plenoptima.eu\/ts2\/organization\/","og_site_name":"Training School 2","article_modified_time":"2022-08-25T12:35:02+00:00","og_image":[{"url":"https:\/\/plenoptima.eu\/ts2\/wp-content\/uploads\/sites\/7\/2022\/08\/MI7A1095_850x250.jpg","type":"","width":"","height":""}],"twitter_card":"summary_large_image","schema":{"@context":"https:\/\/schema.org","@graph":[{"@type":"WebPage","@id":"https:\/\/plenoptima.eu\/ts2\/organization\/","url":"https:\/\/plenoptima.eu\/ts2\/organization\/","name":"Organization | Training School 2","isPartOf":{"@id":"https:\/\/plenoptima.eu\/ts2\/#website"},"primaryImageOfPage":{"@id":"https:\/\/plenoptima.eu\/ts2\/organization\/#primaryimage"},"image":{"@id":"https:\/\/plenoptima.eu\/ts2\/organization\/#primaryimage"},"thumbnailUrl":"https:\/\/plenoptima.eu\/ts2\/wp-content\/uploads\/sites\/7\/2022\/08\/MI7A1095_850x250.jpg","datePublished":"2020-09-14T14:51:53+00:00","dateModified":"2022-08-25T12:35:02+00:00","breadcrumb":{"@id":"https:\/\/plenoptima.eu\/ts2\/organization\/#breadcrumb"},"inLanguage":"en-US","potentialAction":[{"@type":"ReadAction","target":["https:\/\/plenoptima.eu\/ts2\/organization\/"]}]},{"@type":"ImageObject","inLanguage":"en-US","@id":"https:\/\/plenoptima.eu\/ts2\/organization\/#primaryimage","url":"https:\/\/plenoptima.eu\/ts2\/wp-content\/uploads\/sites\/7\/2022\/08\/MI7A1095_850x250.jpg","contentUrl":"https:\/\/plenoptima.eu\/ts2\/wp-content\/uploads\/sites\/7\/2022\/08\/MI7A1095_850x250.jpg","width":850,"height":250},{"@type":"BreadcrumbList","@id":"https:\/\/plenoptima.eu\/ts2\/organization\/#breadcrumb","itemListElement":[{"@type":"ListItem","position":1,"name":"Home","item":"https:\/\/plenoptima.eu\/ts2\/"},{"@type":"ListItem","position":2,"name":"Organization"}]},{"@type":"WebSite","@id":"https:\/\/plenoptima.eu\/ts2\/#website","url":"https:\/\/plenoptima.eu\/ts2\/","name":"Training School 2","description":"Plenoptic Imaging","publisher":{"@id":"https:\/\/plenoptima.eu\/ts2\/#organization"},"potentialAction":[{"@type":"SearchAction","target":{"@type":"EntryPoint","urlTemplate":"https:\/\/plenoptima.eu\/ts2\/?s={search_term_string}"},"query-input":{"@type":"PropertyValueSpecification","valueRequired":true,"valueName":"search_term_string"}}],"inLanguage":"en-US"},{"@type":"Organization","@id":"https:\/\/plenoptima.eu\/ts2\/#organization","name":"PLENOPTIMA - Plenoptic Imaging","url":"https:\/\/plenoptima.eu\/ts2\/","logo":{"@type":"ImageObject","inLanguage":"en-US","@id":"https:\/\/plenoptima.eu\/ts2\/#\/schema\/logo\/image\/","url":"https:\/\/plenoptima.eu\/ts2\/wp-content\/uploads\/sites\/7\/2020\/09\/PLENOPTIMA-logo.png","contentUrl":"https:\/\/plenoptima.eu\/ts2\/wp-content\/uploads\/sites\/7\/2020\/09\/PLENOPTIMA-logo.png","width":532,"height":311,"caption":"PLENOPTIMA - Plenoptic Imaging"},"image":{"@id":"https:\/\/plenoptima.eu\/ts2\/#\/schema\/logo\/image\/"}}]}},"_links":{"self":[{"href":"https:\/\/plenoptima.eu\/ts2\/wp-json\/wp\/v2\/pages\/374","targetHints":{"allow":["GET"]}}],"collection":[{"href":"https:\/\/plenoptima.eu\/ts2\/wp-json\/wp\/v2\/pages"}],"about":[{"href":"https:\/\/plenoptima.eu\/ts2\/wp-json\/wp\/v2\/types\/page"}],"author":[{"embeddable":true,"href":"https:\/\/plenoptima.eu\/ts2\/wp-json\/wp\/v2\/users\/2"}],"replies":[{"embeddable":true,"href":"https:\/\/plenoptima.eu\/ts2\/wp-json\/wp\/v2\/comments?post=374"}],"version-history":[{"count":5,"href":"https:\/\/plenoptima.eu\/ts2\/wp-json\/wp\/v2\/pages\/374\/revisions"}],"predecessor-version":[{"id":1506,"href":"https:\/\/plenoptima.eu\/ts2\/wp-json\/wp\/v2\/pages\/374\/revisions\/1506"}],"wp:attachment":[{"href":"https:\/\/plenoptima.eu\/ts2\/wp-json\/wp\/v2\/media?parent=374"}],"curies":[{"name":"wp","href":"https:\/\/api.w.org\/{rel}","templated":true}]}}