{"id":374,"date":"2020-09-14T14:51:53","date_gmt":"2020-09-14T14:51:53","guid":{"rendered":"https:\/\/plenoptima.eu\/ts4\/?page_id=374"},"modified":"2023-08-31T08:08:51","modified_gmt":"2023-08-31T08:08:51","slug":"organization","status":"publish","type":"page","link":"https:\/\/plenoptima.eu\/ts4\/organization\/","title":{"rendered":"Organization"},"content":{"rendered":"\t\t<div data-elementor-type=\"wp-page\" data-elementor-id=\"374\" class=\"elementor elementor-374\" data-elementor-settings=\"[]\">\n\t\t\t\t\t\t<div class=\"elementor-inner\">\n\t\t\t\t\t\t\t<div class=\"elementor-section-wrap\">\n\t\t\t\t\t\t\t<section class=\"elementor-section elementor-top-section elementor-element elementor-element-5727ace elementor-section-boxed elementor-section-height-default elementor-section-height-default\" data-id=\"5727ace\" data-element_type=\"section\">\n\t\t\t\t\t\t<div class=\"elementor-container elementor-column-gap-default\">\n\t\t\t\t\t\t\t<div class=\"elementor-row\">\n\t\t\t\t\t<div class=\"elementor-column elementor-col-100 elementor-top-column elementor-element elementor-element-cc814b7\" data-id=\"cc814b7\" data-element_type=\"column\">\n\t\t\t<div class=\"elementor-column-wrap elementor-element-populated\">\n\t\t\t\t\t\t\t<div class=\"elementor-widget-wrap\">\n\t\t\t\t\t\t<div class=\"elementor-element elementor-element-c7d318b elementor-widget elementor-widget-image\" data-id=\"c7d318b\" data-element_type=\"widget\" data-widget_type=\"image.default\">\n\t\t\t\t<div class=\"elementor-widget-container\">\n\t\t\t\t\t<div class=\"elementor-image\">\n\t\t\t\t\t\t\t\t\t\t<img decoding=\"async\" src=\"https:\/\/plenoptima.eu\/ts2\/wp-content\/uploads\/sites\/7\/2022\/08\/MI7A1095_850x250.jpg\" title=\"\" alt=\"\" \/>\t\t\t\t\t\t\t\t\t\t\t<\/div>\n\t\t\t\t<\/div>\n\t\t\t\t<\/div>\n\t\t\t\t\t\t<\/div>\n\t\t\t\t\t<\/div>\n\t\t<\/div>\n\t\t\t\t\t\t\t\t<\/div>\n\t\t\t\t\t<\/div>\n\t\t<\/section>\n\t\t\t\t<section class=\"elementor-section elementor-top-section elementor-element elementor-element-40866781 elementor-section-boxed elementor-section-height-default elementor-section-height-default\" data-id=\"40866781\" data-element_type=\"section\">\n\t\t\t\t\t\t<div class=\"elementor-container elementor-column-gap-default\">\n\t\t\t\t\t\t\t<div class=\"elementor-row\">\n\t\t\t\t\t<div class=\"elementor-column elementor-col-100 elementor-top-column elementor-element elementor-element-4f658675\" data-id=\"4f658675\" data-element_type=\"column\">\n\t\t\t<div class=\"elementor-column-wrap elementor-element-populated\">\n\t\t\t\t\t\t\t<div class=\"elementor-widget-wrap\">\n\t\t\t\t\t\t<div class=\"elementor-element elementor-element-29c7f2c4 elementor-widget elementor-widget-text-editor\" data-id=\"29c7f2c4\" data-element_type=\"widget\" data-widget_type=\"text-editor.default\">\n\t\t\t\t<div class=\"elementor-widget-container\">\n\t\t\t\t\t<div class=\"elementor-text-editor elementor-clearfix\"><p><!-- wp:heading {\"level\":3} --><\/p>\n<p><!-- \/wp:heading --><\/p>\n<p><!-- wp:paragraph --><\/p>\n<p><!-- \/wp:paragraph --><\/p>\n<p><!-- wp:heading {\"level\":3} --><\/p>\n<h2>Organising Committee<\/h2>\n<ul>\n<li>Prof. Sebastian Knorr, Ernst-Abbe University of Applied Sciences, Germany.<\/li>\n<li>Birgit Boldin, Technische Universit\u00e4t Berlin, Germany.<\/li>\n<\/ul>\n<h2>Advisory board<\/h2>\n<ul>\n<li><strong><a href=\"https:\/\/www.linkedin.com\/in\/atanasgotchev\/\" target=\"_blank\" rel=\"noopener\">Prof. Atanas Gotchev<\/a>,<\/strong> Tampere University of Technology, Finland<\/li>\n<li><strong><a href=\"https:\/\/www.miun.se\/en\/personnel\/martensjostrom\/\" target=\"_blank\" rel=\"noopener\">Prof. M\u00e5rten Sj\u00f6str\u00f6m<\/a>,<\/strong>\u00a0 Mid Sweden University<\/li>\n<li><strong><a href=\"https:\/\/www.eah-jena.de\/et\/personen\/sebastian-knorr\">Prof. Sebastian Knorr<\/a>, <\/strong>Ernst-Abbe University of Applied Sciences, Germany.<\/li>\n<li><a href=\"https:\/\/www.tu.berlin\/nue\/ueber-uns\/leitung\"><strong>Prof. Thomas Sikora<\/strong><\/a>, Technische Universit\u00e4t Berlin, Germany.<\/li>\n<\/ul>\n<h2>Contacts<\/h2>\n<p><strong>General inquiries: <a href=\"mailto:sebastian.knorr@eah-jena.de\" target=\"_blank\" rel=\"noopener\">Sebastian Knorr<\/a><\/strong> <br \/><strong>Administrative inquiries (accomodation, venue, registration): <a href=\"https:\/\/www.tu.berlin\/nue\/ueber-uns\/sekretariat\">Birgit Boldin<\/a><\/strong><\/p>\n<!-- \/wp:heading --><\/div>\n\t\t\t\t<\/div>\n\t\t\t\t<\/div>\n\t\t\t\t\t\t<\/div>\n\t\t\t\t\t<\/div>\n\t\t<\/div>\n\t\t\t\t\t\t\t\t<\/div>\n\t\t\t\t\t<\/div>\n\t\t<\/section>\n\t\t\t\t\t\t<\/div>\n\t\t\t\t\t\t<\/div>\n\t\t\t\t\t<\/div>\n\t\t","protected":false},"excerpt":{"rendered":"<p>Organising Committee Prof. Sebastian Knorr, Ernst-Abbe University of Applied Sciences, Germany. Birgit Boldin, Technische Universit\u00e4t Berlin, Germany. Advisory board Prof. Atanas Gotchev, Tampere University of Technology, Finland Prof. M\u00e5rten Sj\u00f6str\u00f6m,\u00a0 Mid Sweden University Prof. Sebastian Knorr, Ernst-Abbe University of Applied Sciences, Germany. Prof. Thomas Sikora, Technische Universit\u00e4t Berlin, Germany. Contacts General inquiries: Sebastian Knorr Administrative [&hellip;]<\/p>\n","protected":false},"author":2,"featured_media":0,"parent":0,"menu_order":0,"comment_status":"closed","ping_status":"closed","template":"","meta":{"_monsterinsights_skip_tracking":false,"_monsterinsights_sitenote_active":false,"_monsterinsights_sitenote_note":"","_monsterinsights_sitenote_category":0,"ocean_post_layout":"","ocean_both_sidebars_style":"","ocean_both_sidebars_content_width":0,"ocean_both_sidebars_sidebars_width":0,"ocean_sidebar":"0","ocean_second_sidebar":"0","ocean_disable_margins":"enable","ocean_add_body_class":"","ocean_shortcode_before_top_bar":"","ocean_shortcode_after_top_bar":"","ocean_shortcode_before_header":"","ocean_shortcode_after_header":"","ocean_has_shortcode":"","ocean_shortcode_after_title":"","ocean_shortcode_before_footer_widgets":"","ocean_shortcode_after_footer_widgets":"","ocean_shortcode_before_footer_bottom":"","ocean_shortcode_after_footer_bottom":"","ocean_display_top_bar":"default","ocean_display_header":"default","ocean_header_style":"","ocean_center_header_left_menu":"0","ocean_custom_header_template":"0","ocean_custom_logo":0,"ocean_custom_retina_logo":0,"ocean_custom_logo_max_width":0,"ocean_custom_logo_tablet_max_width":0,"ocean_custom_logo_mobile_max_width":0,"ocean_custom_logo_max_height":0,"ocean_custom_logo_tablet_max_height":0,"ocean_custom_logo_mobile_max_height":0,"ocean_header_custom_menu":"0","ocean_menu_typo_font_family":"0","ocean_menu_typo_font_subset":"","ocean_menu_typo_font_size":0,"ocean_menu_typo_font_size_tablet":0,"ocean_menu_typo_font_size_mobile":0,"ocean_menu_typo_font_size_unit":"px","ocean_menu_typo_font_weight":"","ocean_menu_typo_font_weight_tablet":"","ocean_menu_typo_font_weight_mobile":"","ocean_menu_typo_transform":"","ocean_menu_typo_transform_tablet":"","ocean_menu_typo_transform_mobile":"","ocean_menu_typo_line_height":0,"ocean_menu_typo_line_height_tablet":0,"ocean_menu_typo_line_height_mobile":0,"ocean_menu_typo_line_height_unit":"","ocean_menu_typo_spacing":0,"ocean_menu_typo_spacing_tablet":0,"ocean_menu_typo_spacing_mobile":0,"ocean_menu_typo_spacing_unit":"","ocean_menu_link_color":"","ocean_menu_link_color_hover":"","ocean_menu_link_color_active":"","ocean_menu_link_background":"","ocean_menu_link_hover_background":"","ocean_menu_link_active_background":"","ocean_menu_social_links_bg":"","ocean_menu_social_hover_links_bg":"","ocean_menu_social_links_color":"","ocean_menu_social_hover_links_color":"","ocean_disable_title":"default","ocean_disable_heading":"default","ocean_post_title":"","ocean_post_subheading":"","ocean_post_title_style":"","ocean_post_title_background_color":"","ocean_post_title_background":0,"ocean_post_title_bg_image_position":"","ocean_post_title_bg_image_attachment":"","ocean_post_title_bg_image_repeat":"","ocean_post_title_bg_image_size":"","ocean_post_title_height":0,"ocean_post_title_bg_overlay":0.5,"ocean_post_title_bg_overlay_color":"","ocean_disable_breadcrumbs":"default","ocean_breadcrumbs_color":"","ocean_breadcrumbs_separator_color":"","ocean_breadcrumbs_links_color":"","ocean_breadcrumbs_links_hover_color":"","ocean_display_footer_widgets":"default","ocean_display_footer_bottom":"default","ocean_custom_footer_template":"0","footnotes":""},"class_list":["post-374","page","type-page","status-publish","hentry","entry"],"yoast_head":"<!-- This site is optimized with the Yoast SEO plugin v26.9 - https:\/\/yoast.com\/product\/yoast-seo-wordpress\/ -->\n<title>Organization | Training School 4<\/title>\n<meta name=\"robots\" content=\"index, follow, max-snippet:-1, max-image-preview:large, max-video-preview:-1\" \/>\n<link rel=\"canonical\" href=\"https:\/\/plenoptima.eu\/ts4\/organization\/\" \/>\n<meta property=\"og:locale\" content=\"en_US\" \/>\n<meta property=\"og:type\" content=\"article\" \/>\n<meta property=\"og:title\" content=\"Organization | Training School 4\" \/>\n<meta property=\"og:description\" content=\"Organising Committee Prof. Sebastian Knorr, Ernst-Abbe University of Applied Sciences, Germany. Birgit Boldin, Technische Universit\u00e4t Berlin, Germany. Advisory board Prof. Atanas Gotchev, Tampere University of Technology, Finland Prof. M\u00e5rten Sj\u00f6str\u00f6m,\u00a0 Mid Sweden University Prof. Sebastian Knorr, Ernst-Abbe University of Applied Sciences, Germany. Prof. Thomas Sikora, Technische Universit\u00e4t Berlin, Germany. Contacts General inquiries: Sebastian Knorr Administrative [&hellip;]\" \/>\n<meta property=\"og:url\" content=\"https:\/\/plenoptima.eu\/ts4\/organization\/\" \/>\n<meta property=\"og:site_name\" content=\"Training School 4\" \/>\n<meta property=\"article:modified_time\" content=\"2023-08-31T08:08:51+00:00\" \/>\n<meta property=\"og:image\" content=\"https:\/\/plenoptima.eu\/ts2\/wp-content\/uploads\/sites\/7\/2022\/08\/MI7A1095_850x250.jpg\" \/>\n<meta name=\"twitter:card\" content=\"summary_large_image\" \/>\n<script type=\"application\/ld+json\" class=\"yoast-schema-graph\">{\"@context\":\"https:\/\/schema.org\",\"@graph\":[{\"@type\":\"WebPage\",\"@id\":\"https:\/\/plenoptima.eu\/ts4\/organization\/\",\"url\":\"https:\/\/plenoptima.eu\/ts4\/organization\/\",\"name\":\"Organization | Training School 4\",\"isPartOf\":{\"@id\":\"https:\/\/plenoptima.eu\/ts4\/#website\"},\"primaryImageOfPage\":{\"@id\":\"https:\/\/plenoptima.eu\/ts4\/organization\/#primaryimage\"},\"image\":{\"@id\":\"https:\/\/plenoptima.eu\/ts4\/organization\/#primaryimage\"},\"thumbnailUrl\":\"https:\/\/plenoptima.eu\/ts2\/wp-content\/uploads\/sites\/7\/2022\/08\/MI7A1095_850x250.jpg\",\"datePublished\":\"2020-09-14T14:51:53+00:00\",\"dateModified\":\"2023-08-31T08:08:51+00:00\",\"breadcrumb\":{\"@id\":\"https:\/\/plenoptima.eu\/ts4\/organization\/#breadcrumb\"},\"inLanguage\":\"en-US\",\"potentialAction\":[{\"@type\":\"ReadAction\",\"target\":[\"https:\/\/plenoptima.eu\/ts4\/organization\/\"]}]},{\"@type\":\"ImageObject\",\"inLanguage\":\"en-US\",\"@id\":\"https:\/\/plenoptima.eu\/ts4\/organization\/#primaryimage\",\"url\":\"https:\/\/plenoptima.eu\/ts2\/wp-content\/uploads\/sites\/7\/2022\/08\/MI7A1095_850x250.jpg\",\"contentUrl\":\"https:\/\/plenoptima.eu\/ts2\/wp-content\/uploads\/sites\/7\/2022\/08\/MI7A1095_850x250.jpg\"},{\"@type\":\"BreadcrumbList\",\"@id\":\"https:\/\/plenoptima.eu\/ts4\/organization\/#breadcrumb\",\"itemListElement\":[{\"@type\":\"ListItem\",\"position\":1,\"name\":\"Home\",\"item\":\"https:\/\/plenoptima.eu\/ts4\/\"},{\"@type\":\"ListItem\",\"position\":2,\"name\":\"Organization\"}]},{\"@type\":\"WebSite\",\"@id\":\"https:\/\/plenoptima.eu\/ts4\/#website\",\"url\":\"https:\/\/plenoptima.eu\/ts4\/\",\"name\":\"Training School 4\",\"description\":\"Plenoptic Imaging\",\"publisher\":{\"@id\":\"https:\/\/plenoptima.eu\/ts4\/#organization\"},\"potentialAction\":[{\"@type\":\"SearchAction\",\"target\":{\"@type\":\"EntryPoint\",\"urlTemplate\":\"https:\/\/plenoptima.eu\/ts4\/?s={search_term_string}\"},\"query-input\":{\"@type\":\"PropertyValueSpecification\",\"valueRequired\":true,\"valueName\":\"search_term_string\"}}],\"inLanguage\":\"en-US\"},{\"@type\":\"Organization\",\"@id\":\"https:\/\/plenoptima.eu\/ts4\/#organization\",\"name\":\"PLENOPTIMA - Plenoptic Imaging\",\"url\":\"https:\/\/plenoptima.eu\/ts4\/\",\"logo\":{\"@type\":\"ImageObject\",\"inLanguage\":\"en-US\",\"@id\":\"https:\/\/plenoptima.eu\/ts4\/#\/schema\/logo\/image\/\",\"url\":\"https:\/\/plenoptima.eu\/ts4\/wp-content\/uploads\/sites\/9\/2020\/09\/PLENOPTIMA-logo.png\",\"contentUrl\":\"https:\/\/plenoptima.eu\/ts4\/wp-content\/uploads\/sites\/9\/2020\/09\/PLENOPTIMA-logo.png\",\"width\":532,\"height\":311,\"caption\":\"PLENOPTIMA - Plenoptic Imaging\"},\"image\":{\"@id\":\"https:\/\/plenoptima.eu\/ts4\/#\/schema\/logo\/image\/\"}}]}<\/script>\n<!-- \/ Yoast SEO plugin. -->","yoast_head_json":{"title":"Organization | Training School 4","robots":{"index":"index","follow":"follow","max-snippet":"max-snippet:-1","max-image-preview":"max-image-preview:large","max-video-preview":"max-video-preview:-1"},"canonical":"https:\/\/plenoptima.eu\/ts4\/organization\/","og_locale":"en_US","og_type":"article","og_title":"Organization | Training School 4","og_description":"Organising Committee Prof. Sebastian Knorr, Ernst-Abbe University of Applied Sciences, Germany. Birgit Boldin, Technische Universit\u00e4t Berlin, Germany. Advisory board Prof. Atanas Gotchev, Tampere University of Technology, Finland Prof. M\u00e5rten Sj\u00f6str\u00f6m,\u00a0 Mid Sweden University Prof. Sebastian Knorr, Ernst-Abbe University of Applied Sciences, Germany. Prof. Thomas Sikora, Technische Universit\u00e4t Berlin, Germany. Contacts General inquiries: Sebastian Knorr Administrative [&hellip;]","og_url":"https:\/\/plenoptima.eu\/ts4\/organization\/","og_site_name":"Training School 4","article_modified_time":"2023-08-31T08:08:51+00:00","og_image":[{"url":"https:\/\/plenoptima.eu\/ts2\/wp-content\/uploads\/sites\/7\/2022\/08\/MI7A1095_850x250.jpg","type":"","width":"","height":""}],"twitter_card":"summary_large_image","schema":{"@context":"https:\/\/schema.org","@graph":[{"@type":"WebPage","@id":"https:\/\/plenoptima.eu\/ts4\/organization\/","url":"https:\/\/plenoptima.eu\/ts4\/organization\/","name":"Organization | Training School 4","isPartOf":{"@id":"https:\/\/plenoptima.eu\/ts4\/#website"},"primaryImageOfPage":{"@id":"https:\/\/plenoptima.eu\/ts4\/organization\/#primaryimage"},"image":{"@id":"https:\/\/plenoptima.eu\/ts4\/organization\/#primaryimage"},"thumbnailUrl":"https:\/\/plenoptima.eu\/ts2\/wp-content\/uploads\/sites\/7\/2022\/08\/MI7A1095_850x250.jpg","datePublished":"2020-09-14T14:51:53+00:00","dateModified":"2023-08-31T08:08:51+00:00","breadcrumb":{"@id":"https:\/\/plenoptima.eu\/ts4\/organization\/#breadcrumb"},"inLanguage":"en-US","potentialAction":[{"@type":"ReadAction","target":["https:\/\/plenoptima.eu\/ts4\/organization\/"]}]},{"@type":"ImageObject","inLanguage":"en-US","@id":"https:\/\/plenoptima.eu\/ts4\/organization\/#primaryimage","url":"https:\/\/plenoptima.eu\/ts2\/wp-content\/uploads\/sites\/7\/2022\/08\/MI7A1095_850x250.jpg","contentUrl":"https:\/\/plenoptima.eu\/ts2\/wp-content\/uploads\/sites\/7\/2022\/08\/MI7A1095_850x250.jpg"},{"@type":"BreadcrumbList","@id":"https:\/\/plenoptima.eu\/ts4\/organization\/#breadcrumb","itemListElement":[{"@type":"ListItem","position":1,"name":"Home","item":"https:\/\/plenoptima.eu\/ts4\/"},{"@type":"ListItem","position":2,"name":"Organization"}]},{"@type":"WebSite","@id":"https:\/\/plenoptima.eu\/ts4\/#website","url":"https:\/\/plenoptima.eu\/ts4\/","name":"Training School 4","description":"Plenoptic Imaging","publisher":{"@id":"https:\/\/plenoptima.eu\/ts4\/#organization"},"potentialAction":[{"@type":"SearchAction","target":{"@type":"EntryPoint","urlTemplate":"https:\/\/plenoptima.eu\/ts4\/?s={search_term_string}"},"query-input":{"@type":"PropertyValueSpecification","valueRequired":true,"valueName":"search_term_string"}}],"inLanguage":"en-US"},{"@type":"Organization","@id":"https:\/\/plenoptima.eu\/ts4\/#organization","name":"PLENOPTIMA - Plenoptic Imaging","url":"https:\/\/plenoptima.eu\/ts4\/","logo":{"@type":"ImageObject","inLanguage":"en-US","@id":"https:\/\/plenoptima.eu\/ts4\/#\/schema\/logo\/image\/","url":"https:\/\/plenoptima.eu\/ts4\/wp-content\/uploads\/sites\/9\/2020\/09\/PLENOPTIMA-logo.png","contentUrl":"https:\/\/plenoptima.eu\/ts4\/wp-content\/uploads\/sites\/9\/2020\/09\/PLENOPTIMA-logo.png","width":532,"height":311,"caption":"PLENOPTIMA - Plenoptic Imaging"},"image":{"@id":"https:\/\/plenoptima.eu\/ts4\/#\/schema\/logo\/image\/"}}]}},"_links":{"self":[{"href":"https:\/\/plenoptima.eu\/ts4\/wp-json\/wp\/v2\/pages\/374","targetHints":{"allow":["GET"]}}],"collection":[{"href":"https:\/\/plenoptima.eu\/ts4\/wp-json\/wp\/v2\/pages"}],"about":[{"href":"https:\/\/plenoptima.eu\/ts4\/wp-json\/wp\/v2\/types\/page"}],"author":[{"embeddable":true,"href":"https:\/\/plenoptima.eu\/ts4\/wp-json\/wp\/v2\/users\/2"}],"replies":[{"embeddable":true,"href":"https:\/\/plenoptima.eu\/ts4\/wp-json\/wp\/v2\/comments?post=374"}],"version-history":[{"count":5,"href":"https:\/\/plenoptima.eu\/ts4\/wp-json\/wp\/v2\/pages\/374\/revisions"}],"predecessor-version":[{"id":1899,"href":"https:\/\/plenoptima.eu\/ts4\/wp-json\/wp\/v2\/pages\/374\/revisions\/1899"}],"wp:attachment":[{"href":"https:\/\/plenoptima.eu\/ts4\/wp-json\/wp\/v2\/media?parent=374"}],"curies":[{"name":"wp","href":"https:\/\/api.w.org\/{rel}","templated":true}]}}